{"id":1372,"date":"2025-02-03T07:08:17","date_gmt":"2025-02-03T07:08:17","guid":{"rendered":"https:\/\/eurotrac-hoflader.at\/?post_type=product&#038;p=1372"},"modified":"2025-02-03T07:09:08","modified_gmt":"2025-02-03T07:09:08","slug":"eurotrac-w11-emc","status":"publish","type":"product","link":"https:\/\/eurotrac-hoflader.at\/index.php\/product\/eurotrac-w11-emc\/","title":{"rendered":"Eurotrac W11-EMC"},"content":{"rendered":"<p>[table id=6 \/]<\/p>\n","protected":false},"excerpt":{"rendered":"<p>100% elektrischer Hoflader W11-EMC<\/p>\n<p>Ausgestattet mit einem Lithium-Akku mit einer maximalen Kapazit\u00e4t von 6 Stunden und einer Ladezeit von +- 6 Stunden<\/p>\n<p>Standardm\u00e4\u00dfig ausgestattet mit:<\/p>\n<ul>\n<li>Lithium-Batterie 51,2V-412A<\/li>\n<li>Internes 220-Volt-Batterie-Ladeger\u00e4t<\/li>\n<li>Hydr. Schnellwechsel<\/li>\n<li>Zus\u00e4tzliche hydraulische Funktion<\/li>\n<li>Lichtleiste \/ Stra\u00dfenbeleuchtung<\/li>\n<li>Radio \/ L\u00fcftung \/ Kamera<\/li>\n<li>Reifengr\u00f6\u00dfe 26.x12-12AS<\/li>\n<\/ul>\n","protected":false},"featured_media":1498,"template":"","meta":{"site-sidebar-layout":"default","site-content-layout":"default","ast-site-content-layout":"default","site-content-style":"default","site-sidebar-style":"default","ast-global-header-display":"","ast-banner-title-visibility":"","ast-main-header-display":"","ast-hfb-above-header-display":"","ast-hfb-below-header-display":"","ast-hfb-mobile-header-display":"","site-post-title":"","ast-breadcrumbs-content":"","ast-featured-img":"","footer-sml-layout":"","theme-transparent-header-meta":"default","adv-header-id-meta":"","stick-header-meta":"default","header-above-stick-meta":"","header-main-stick-meta":"","header-below-stick-meta":"","astra-migrate-meta-layouts":"set","ast-page-background-enabled":"default","ast-page-background-meta":{"desktop":{"background-color":"var(--ast-global-color-4)","background-image":"","background-repeat":"repeat","background-position":"center center","background-size":"auto","background-attachment":"scroll","background-type":"","background-media":"","overlay-type":"","overlay-color":"","overlay-opacity":"","overlay-gradient":""},"tablet":{"background-color":"","background-image":"","background-repeat":"repeat","background-position":"center center","background-size":"auto","background-attachment":"scroll","background-type":"","background-media":"","overlay-type":"","overlay-color":"","overlay-opacity":"","overlay-gradient":""},"mobile":{"background-color":"","background-image":"","background-repeat":"repeat","background-position":"center center","background-size":"auto","background-attachment":"scroll","background-type":"","background-media":"","overlay-type":"","overlay-color":"","overlay-opacity":"","overlay-gradient":""}},"ast-content-background-meta":{"desktop":{"background-color":"var(--ast-global-color-5)","background-image":"","background-repeat":"repeat","background-position":"center center","background-size":"auto","background-attachment":"scroll","background-type":"","background-media":"","overlay-type":"","overlay-color":"","overlay-opacity":"","overlay-gradient":""},"tablet":{"background-color":"var(--ast-global-color-5)","background-image":"","background-repeat":"repeat","background-position":"center center","background-size":"auto","background-attachment":"scroll","background-type":"","background-media":"","overlay-type":"","overlay-color":"","overlay-opacity":"","overlay-gradient":""},"mobile":{"background-color":"var(--ast-global-color-5)","background-image":"","background-repeat":"repeat","background-position":"center center","background-size":"auto","background-attachment":"scroll","background-type":"","background-media":"","overlay-type":"","overlay-color":"","overlay-opacity":"","overlay-gradient":""}}},"product_brand":[],"product_cat":[45],"product_tag":[46,47],"class_list":{"0":"post-1372","1":"product","2":"type-product","3":"status-publish","4":"has-post-thumbnail","6":"product_cat-eurotrac-e-hoflader","7":"product_tag-farm-loader","8":"product_tag-wheel-loader","9":"desktop-align-left","10":"tablet-align-left","11":"mobile-align-left","13":"first","14":"instock","15":"shipping-taxable","16":"product-type-external"},"yoast_head":"<!-- This site is optimized with the Yoast SEO plugin v27.3 - https:\/\/yoast.com\/product\/yoast-seo-wordpress\/ -->\n<title>Eurotrac W11-EMC - EUROTRAC \u00d6sterreich<\/title>\n<meta name=\"robots\" content=\"index, follow, max-snippet:-1, max-image-preview:large, max-video-preview:-1\" \/>\n<link rel=\"canonical\" href=\"https:\/\/eurotrac-hoflader.at\/index.php\/product\/eurotrac-w11-emc\/\" \/>\n<meta name=\"twitter:card\" content=\"summary_large_image\" \/>\n<meta name=\"twitter:title\" content=\"Eurotrac W11-EMC - EUROTRAC \u00d6sterreich\" \/>\n<meta name=\"twitter:description\" content=\"100% elektrischer Hoflader W11-EMC  Ausgestattet mit einem Lithium-Akku mit einer maximalen Kapazit\u00e4t von 6 Stunden und einer Ladezeit von +- 6 Stunden  Standardm\u00e4\u00dfig ausgestattet mit:   Lithium-Batterie 51,2V-412A  Internes 220-Volt-Batterie-Ladeger\u00e4t  Hydr. Schnellwechsel  Zus\u00e4tzliche hydraulische Funktion  Lichtleiste \/ Stra\u00dfenbeleuchtung  Radio \/ L\u00fcftung \/ Kamera  Reifengr\u00f6\u00dfe 26.x12-12AS\" \/>\n<meta name=\"twitter:image\" content=\"https:\/\/eurotrac-hoflader.at\/wp-content\/uploads\/2025\/02\/W11-EMC-start.jpg\" \/>\n<meta name=\"twitter:label1\" content=\"Gesch\u00e4tzte Lesezeit\" \/>\n\t<meta name=\"twitter:data1\" content=\"1\u00a0Minute\" \/>\n<script type=\"application\/ld+json\" class=\"yoast-schema-graph\">{\"@context\":\"https:\\\/\\\/schema.org\",\"@graph\":[{\"@type\":\"WebPage\",\"@id\":\"https:\\\/\\\/eurotrac-hoflader.at\\\/index.php\\\/product\\\/eurotrac-w11-emc\\\/\",\"url\":\"https:\\\/\\\/eurotrac-hoflader.at\\\/index.php\\\/product\\\/eurotrac-w11-emc\\\/\",\"name\":\"Eurotrac W11-EMC - EUROTRAC \u00d6sterreich\",\"isPartOf\":{\"@id\":\"https:\\\/\\\/eurotrac-hoflader.at\\\/#website\"},\"primaryImageOfPage\":{\"@id\":\"https:\\\/\\\/eurotrac-hoflader.at\\\/index.php\\\/product\\\/eurotrac-w11-emc\\\/#primaryimage\"},\"image\":{\"@id\":\"https:\\\/\\\/eurotrac-hoflader.at\\\/index.php\\\/product\\\/eurotrac-w11-emc\\\/#primaryimage\"},\"thumbnailUrl\":\"https:\\\/\\\/eurotrac-hoflader.at\\\/wp-content\\\/uploads\\\/2025\\\/02\\\/W11-EMC-start.jpg\",\"datePublished\":\"2025-02-03T07:08:17+00:00\",\"dateModified\":\"2025-02-03T07:09:08+00:00\",\"breadcrumb\":{\"@id\":\"https:\\\/\\\/eurotrac-hoflader.at\\\/index.php\\\/product\\\/eurotrac-w11-emc\\\/#breadcrumb\"},\"inLanguage\":\"de\",\"potentialAction\":[{\"@type\":\"ReadAction\",\"target\":[\"https:\\\/\\\/eurotrac-hoflader.at\\\/index.php\\\/product\\\/eurotrac-w11-emc\\\/\"]}]},{\"@type\":\"ImageObject\",\"inLanguage\":\"de\",\"@id\":\"https:\\\/\\\/eurotrac-hoflader.at\\\/index.php\\\/product\\\/eurotrac-w11-emc\\\/#primaryimage\",\"url\":\"https:\\\/\\\/eurotrac-hoflader.at\\\/wp-content\\\/uploads\\\/2025\\\/02\\\/W11-EMC-start.jpg\",\"contentUrl\":\"https:\\\/\\\/eurotrac-hoflader.at\\\/wp-content\\\/uploads\\\/2025\\\/02\\\/W11-EMC-start.jpg\",\"width\":826,\"height\":576},{\"@type\":\"BreadcrumbList\",\"@id\":\"https:\\\/\\\/eurotrac-hoflader.at\\\/index.php\\\/product\\\/eurotrac-w11-emc\\\/#breadcrumb\",\"itemListElement\":[{\"@type\":\"ListItem\",\"position\":1,\"name\":\"Home\",\"item\":\"https:\\\/\\\/eurotrac-hoflader.at\\\/\"},{\"@type\":\"ListItem\",\"position\":2,\"name\":\"Shop\",\"item\":\"https:\\\/\\\/eurotrac-hoflader.at\\\/index.php\\\/shop\\\/\"},{\"@type\":\"ListItem\",\"position\":3,\"name\":\"Eurotrac W11-EMC\"}]},{\"@type\":\"WebSite\",\"@id\":\"https:\\\/\\\/eurotrac-hoflader.at\\\/#website\",\"url\":\"https:\\\/\\\/eurotrac-hoflader.at\\\/\",\"name\":\"EUROTRAC \u00d6sterreich\",\"description\":\"Traktoren - Hoflader Baumaschinen Aschauer\",\"publisher\":{\"@id\":\"https:\\\/\\\/eurotrac-hoflader.at\\\/#organization\"},\"potentialAction\":[{\"@type\":\"SearchAction\",\"target\":{\"@type\":\"EntryPoint\",\"urlTemplate\":\"https:\\\/\\\/eurotrac-hoflader.at\\\/?s={search_term_string}\"},\"query-input\":{\"@type\":\"PropertyValueSpecification\",\"valueRequired\":true,\"valueName\":\"search_term_string\"}}],\"inLanguage\":\"de\"},{\"@type\":\"Organization\",\"@id\":\"https:\\\/\\\/eurotrac-hoflader.at\\\/#organization\",\"name\":\"EUROTRAC \u00d6sterreich\",\"url\":\"https:\\\/\\\/eurotrac-hoflader.at\\\/\",\"logo\":{\"@type\":\"ImageObject\",\"inLanguage\":\"de\",\"@id\":\"https:\\\/\\\/eurotrac-hoflader.at\\\/#\\\/schema\\\/logo\\\/image\\\/\",\"url\":\"https:\\\/\\\/eurotrac-hoflader.at\\\/wp-content\\\/uploads\\\/2023\\\/06\\\/cropped-logo-aschauer-websites.png\",\"contentUrl\":\"https:\\\/\\\/eurotrac-hoflader.at\\\/wp-content\\\/uploads\\\/2023\\\/06\\\/cropped-logo-aschauer-websites.png\",\"width\":800,\"height\":267,\"caption\":\"EUROTRAC \u00d6sterreich\"},\"image\":{\"@id\":\"https:\\\/\\\/eurotrac-hoflader.at\\\/#\\\/schema\\\/logo\\\/image\\\/\"},\"sameAs\":[\"https:\\\/\\\/www.facebook.com\\\/AschauerBaumaschinen\\\/\"]}]}<\/script>\n<!-- \/ Yoast SEO plugin. -->","yoast_head_json":{"title":"Eurotrac W11-EMC - EUROTRAC \u00d6sterreich","robots":{"index":"index","follow":"follow","max-snippet":"max-snippet:-1","max-image-preview":"max-image-preview:large","max-video-preview":"max-video-preview:-1"},"canonical":"https:\/\/eurotrac-hoflader.at\/index.php\/product\/eurotrac-w11-emc\/","twitter_card":"summary_large_image","twitter_title":"Eurotrac W11-EMC - EUROTRAC \u00d6sterreich","twitter_description":"100% elektrischer Hoflader W11-EMC  Ausgestattet mit einem Lithium-Akku mit einer maximalen Kapazit\u00e4t von 6 Stunden und einer Ladezeit von +- 6 Stunden  Standardm\u00e4\u00dfig ausgestattet mit:   Lithium-Batterie 51,2V-412A  Internes 220-Volt-Batterie-Ladeger\u00e4t  Hydr. Schnellwechsel  Zus\u00e4tzliche hydraulische Funktion  Lichtleiste \/ Stra\u00dfenbeleuchtung  Radio \/ L\u00fcftung \/ Kamera  Reifengr\u00f6\u00dfe 26.x12-12AS","twitter_image":"https:\/\/eurotrac-hoflader.at\/wp-content\/uploads\/2025\/02\/W11-EMC-start.jpg","twitter_misc":{"Gesch\u00e4tzte Lesezeit":"1\u00a0Minute"},"schema":{"@context":"https:\/\/schema.org","@graph":[{"@type":"WebPage","@id":"https:\/\/eurotrac-hoflader.at\/index.php\/product\/eurotrac-w11-emc\/","url":"https:\/\/eurotrac-hoflader.at\/index.php\/product\/eurotrac-w11-emc\/","name":"Eurotrac W11-EMC - EUROTRAC \u00d6sterreich","isPartOf":{"@id":"https:\/\/eurotrac-hoflader.at\/#website"},"primaryImageOfPage":{"@id":"https:\/\/eurotrac-hoflader.at\/index.php\/product\/eurotrac-w11-emc\/#primaryimage"},"image":{"@id":"https:\/\/eurotrac-hoflader.at\/index.php\/product\/eurotrac-w11-emc\/#primaryimage"},"thumbnailUrl":"https:\/\/eurotrac-hoflader.at\/wp-content\/uploads\/2025\/02\/W11-EMC-start.jpg","datePublished":"2025-02-03T07:08:17+00:00","dateModified":"2025-02-03T07:09:08+00:00","breadcrumb":{"@id":"https:\/\/eurotrac-hoflader.at\/index.php\/product\/eurotrac-w11-emc\/#breadcrumb"},"inLanguage":"de","potentialAction":[{"@type":"ReadAction","target":["https:\/\/eurotrac-hoflader.at\/index.php\/product\/eurotrac-w11-emc\/"]}]},{"@type":"ImageObject","inLanguage":"de","@id":"https:\/\/eurotrac-hoflader.at\/index.php\/product\/eurotrac-w11-emc\/#primaryimage","url":"https:\/\/eurotrac-hoflader.at\/wp-content\/uploads\/2025\/02\/W11-EMC-start.jpg","contentUrl":"https:\/\/eurotrac-hoflader.at\/wp-content\/uploads\/2025\/02\/W11-EMC-start.jpg","width":826,"height":576},{"@type":"BreadcrumbList","@id":"https:\/\/eurotrac-hoflader.at\/index.php\/product\/eurotrac-w11-emc\/#breadcrumb","itemListElement":[{"@type":"ListItem","position":1,"name":"Home","item":"https:\/\/eurotrac-hoflader.at\/"},{"@type":"ListItem","position":2,"name":"Shop","item":"https:\/\/eurotrac-hoflader.at\/index.php\/shop\/"},{"@type":"ListItem","position":3,"name":"Eurotrac W11-EMC"}]},{"@type":"WebSite","@id":"https:\/\/eurotrac-hoflader.at\/#website","url":"https:\/\/eurotrac-hoflader.at\/","name":"EUROTRAC \u00d6sterreich","description":"Traktoren - Hoflader Baumaschinen Aschauer","publisher":{"@id":"https:\/\/eurotrac-hoflader.at\/#organization"},"potentialAction":[{"@type":"SearchAction","target":{"@type":"EntryPoint","urlTemplate":"https:\/\/eurotrac-hoflader.at\/?s={search_term_string}"},"query-input":{"@type":"PropertyValueSpecification","valueRequired":true,"valueName":"search_term_string"}}],"inLanguage":"de"},{"@type":"Organization","@id":"https:\/\/eurotrac-hoflader.at\/#organization","name":"EUROTRAC \u00d6sterreich","url":"https:\/\/eurotrac-hoflader.at\/","logo":{"@type":"ImageObject","inLanguage":"de","@id":"https:\/\/eurotrac-hoflader.at\/#\/schema\/logo\/image\/","url":"https:\/\/eurotrac-hoflader.at\/wp-content\/uploads\/2023\/06\/cropped-logo-aschauer-websites.png","contentUrl":"https:\/\/eurotrac-hoflader.at\/wp-content\/uploads\/2023\/06\/cropped-logo-aschauer-websites.png","width":800,"height":267,"caption":"EUROTRAC \u00d6sterreich"},"image":{"@id":"https:\/\/eurotrac-hoflader.at\/#\/schema\/logo\/image\/"},"sameAs":["https:\/\/www.facebook.com\/AschauerBaumaschinen\/"]}]}},"_links":{"self":[{"href":"https:\/\/eurotrac-hoflader.at\/index.php\/wp-json\/wp\/v2\/product\/1372","targetHints":{"allow":["GET"]}}],"collection":[{"href":"https:\/\/eurotrac-hoflader.at\/index.php\/wp-json\/wp\/v2\/product"}],"about":[{"href":"https:\/\/eurotrac-hoflader.at\/index.php\/wp-json\/wp\/v2\/types\/product"}],"wp:featuredmedia":[{"embeddable":true,"href":"https:\/\/eurotrac-hoflader.at\/index.php\/wp-json\/wp\/v2\/media\/1498"}],"wp:attachment":[{"href":"https:\/\/eurotrac-hoflader.at\/index.php\/wp-json\/wp\/v2\/media?parent=1372"}],"wp:term":[{"taxonomy":"product_brand","embeddable":true,"href":"https:\/\/eurotrac-hoflader.at\/index.php\/wp-json\/wp\/v2\/product_brand?post=1372"},{"taxonomy":"product_cat","embeddable":true,"href":"https:\/\/eurotrac-hoflader.at\/index.php\/wp-json\/wp\/v2\/product_cat?post=1372"},{"taxonomy":"product_tag","embeddable":true,"href":"https:\/\/eurotrac-hoflader.at\/index.php\/wp-json\/wp\/v2\/product_tag?post=1372"}],"curies":[{"name":"wp","href":"https:\/\/api.w.org\/{rel}","templated":true}]}}