{"id":1320,"date":"2025-02-03T07:07:56","date_gmt":"2025-02-03T07:07:56","guid":{"rendered":"https:\/\/eurotrac-hoflader.at\/?post_type=product&#038;p=1320"},"modified":"2025-02-03T07:08:28","modified_gmt":"2025-02-03T07:08:28","slug":"eurotrac-th25-6","status":"publish","type":"product","link":"https:\/\/eurotrac-hoflader.at\/index.php\/product\/eurotrac-th25-6\/","title":{"rendered":"Eurotrac TH25.6"},"content":{"rendered":"","protected":false},"excerpt":{"rendered":"<p>Eurotrac TH25.6 f\u00fcr den landwirtschaftlichen und industriellen Einsatz<\/p>\n<p>Standardm\u00e4\u00dfig ausgestattet mit:<\/p>\n<ul>\n<li>Kubota StageV Motor<\/li>\n<li>Antrieb 4\u00d74 und 4 Radsteuerung<\/li>\n<li>Zus\u00e4tzliche Hydra. Funktion auf Joystick<\/li>\n<li>Hydr. Schnellwechsel<\/li>\n<li>Hydrostat mit 2 Fahrgeschwindigkeiten<\/li>\n<li>Radio \/ Ventilator \/ Kamera<\/li>\n<li>Schwere Achsen<\/li>\n<li>Lichtleiste \/ LED-Lampen<\/li>\n<li>Breite Reifen 12\u00d716.5 NHS<\/li>\n<\/ul>\n","protected":false},"featured_media":1402,"template":"","meta":{"site-sidebar-layout":"default","site-content-layout":"","ast-site-content-layout":"default","site-content-style":"default","site-sidebar-style":"default","ast-global-header-display":"","ast-banner-title-visibility":"","ast-main-header-display":"","ast-hfb-above-header-display":"","ast-hfb-below-header-display":"","ast-hfb-mobile-header-display":"","site-post-title":"","ast-breadcrumbs-content":"","ast-featured-img":"","footer-sml-layout":"","theme-transparent-header-meta":"default","adv-header-id-meta":"","stick-header-meta":"","header-above-stick-meta":"","header-main-stick-meta":"","header-below-stick-meta":"","astra-migrate-meta-layouts":"set","ast-page-background-enabled":"default","ast-page-background-meta":{"desktop":{"background-color":"var(--ast-global-color-4)","background-image":"","background-repeat":"repeat","background-position":"center center","background-size":"auto","background-attachment":"scroll","background-type":"","background-media":"","overlay-type":"","overlay-color":"","overlay-opacity":"","overlay-gradient":""},"tablet":{"background-color":"","background-image":"","background-repeat":"repeat","background-position":"center center","background-size":"auto","background-attachment":"scroll","background-type":"","background-media":"","overlay-type":"","overlay-color":"","overlay-opacity":"","overlay-gradient":""},"mobile":{"background-color":"","background-image":"","background-repeat":"repeat","background-position":"center center","background-size":"auto","background-attachment":"scroll","background-type":"","background-media":"","overlay-type":"","overlay-color":"","overlay-opacity":"","overlay-gradient":""}},"ast-content-background-meta":{"desktop":{"background-color":"var(--ast-global-color-5)","background-image":"","background-repeat":"repeat","background-position":"center center","background-size":"auto","background-attachment":"scroll","background-type":"","background-media":"","overlay-type":"","overlay-color":"","overlay-opacity":"","overlay-gradient":""},"tablet":{"background-color":"var(--ast-global-color-5)","background-image":"","background-repeat":"repeat","background-position":"center center","background-size":"auto","background-attachment":"scroll","background-type":"","background-media":"","overlay-type":"","overlay-color":"","overlay-opacity":"","overlay-gradient":""},"mobile":{"background-color":"var(--ast-global-color-5)","background-image":"","background-repeat":"repeat","background-position":"center center","background-size":"auto","background-attachment":"scroll","background-type":"","background-media":"","overlay-type":"","overlay-color":"","overlay-opacity":"","overlay-gradient":""}}},"product_brand":[],"product_cat":[30],"product_tag":[],"class_list":{"0":"post-1320","1":"product","2":"type-product","3":"status-publish","4":"has-post-thumbnail","6":"product_cat-eurotrac-hoflader","7":"desktop-align-left","8":"tablet-align-left","9":"mobile-align-left","11":"first","12":"instock","13":"shipping-taxable","14":"product-type-external"},"yoast_head":"<!-- This site is optimized with the Yoast SEO plugin v27.3 - https:\/\/yoast.com\/product\/yoast-seo-wordpress\/ -->\n<title>Eurotrac TH25.6 - EUROTRAC \u00d6sterreich<\/title>\n<meta name=\"robots\" content=\"index, follow, max-snippet:-1, max-image-preview:large, max-video-preview:-1\" \/>\n<link rel=\"canonical\" href=\"https:\/\/eurotrac-hoflader.at\/index.php\/product\/eurotrac-th25-6\/\" \/>\n<meta name=\"twitter:card\" content=\"summary_large_image\" \/>\n<meta name=\"twitter:title\" content=\"Eurotrac TH25.6 - EUROTRAC \u00d6sterreich\" \/>\n<meta name=\"twitter:description\" content=\"Eurotrac TH25.6 f\u00fcr den landwirtschaftlichen und industriellen Einsatz  Standardm\u00e4\u00dfig ausgestattet mit:   Kubota StageV Motor  Antrieb 4\u00d74 und 4 Radsteuerung  Zus\u00e4tzliche Hydra. Funktion auf Joystick  Hydr. Schnellwechsel  Hydrostat mit 2 Fahrgeschwindigkeiten  Radio \/ Ventilator \/ Kamera  Schwere Achsen  Lichtleiste \/ LED-Lampen  Breite Reifen 12\u00d716.5 NHS\" \/>\n<meta name=\"twitter:image\" content=\"https:\/\/eurotrac-hoflader.at\/wp-content\/uploads\/2025\/02\/Eurotrac-TH25.6-1.jpeg\" \/>\n<meta name=\"twitter:label1\" content=\"Gesch\u00e4tzte Lesezeit\" \/>\n\t<meta name=\"twitter:data1\" content=\"1\u00a0Minute\" \/>\n<script type=\"application\/ld+json\" class=\"yoast-schema-graph\">{\"@context\":\"https:\\\/\\\/schema.org\",\"@graph\":[{\"@type\":\"WebPage\",\"@id\":\"https:\\\/\\\/eurotrac-hoflader.at\\\/index.php\\\/product\\\/eurotrac-th25-6\\\/\",\"url\":\"https:\\\/\\\/eurotrac-hoflader.at\\\/index.php\\\/product\\\/eurotrac-th25-6\\\/\",\"name\":\"Eurotrac TH25.6 - EUROTRAC \u00d6sterreich\",\"isPartOf\":{\"@id\":\"https:\\\/\\\/eurotrac-hoflader.at\\\/#website\"},\"primaryImageOfPage\":{\"@id\":\"https:\\\/\\\/eurotrac-hoflader.at\\\/index.php\\\/product\\\/eurotrac-th25-6\\\/#primaryimage\"},\"image\":{\"@id\":\"https:\\\/\\\/eurotrac-hoflader.at\\\/index.php\\\/product\\\/eurotrac-th25-6\\\/#primaryimage\"},\"thumbnailUrl\":\"https:\\\/\\\/eurotrac-hoflader.at\\\/wp-content\\\/uploads\\\/2025\\\/02\\\/Eurotrac-TH25.6-1.jpeg\",\"datePublished\":\"2025-02-03T07:07:56+00:00\",\"dateModified\":\"2025-02-03T07:08:28+00:00\",\"breadcrumb\":{\"@id\":\"https:\\\/\\\/eurotrac-hoflader.at\\\/index.php\\\/product\\\/eurotrac-th25-6\\\/#breadcrumb\"},\"inLanguage\":\"de\",\"potentialAction\":[{\"@type\":\"ReadAction\",\"target\":[\"https:\\\/\\\/eurotrac-hoflader.at\\\/index.php\\\/product\\\/eurotrac-th25-6\\\/\"]}]},{\"@type\":\"ImageObject\",\"inLanguage\":\"de\",\"@id\":\"https:\\\/\\\/eurotrac-hoflader.at\\\/index.php\\\/product\\\/eurotrac-th25-6\\\/#primaryimage\",\"url\":\"https:\\\/\\\/eurotrac-hoflader.at\\\/wp-content\\\/uploads\\\/2025\\\/02\\\/Eurotrac-TH25.6-1.jpeg\",\"contentUrl\":\"https:\\\/\\\/eurotrac-hoflader.at\\\/wp-content\\\/uploads\\\/2025\\\/02\\\/Eurotrac-TH25.6-1.jpeg\",\"width\":1600,\"height\":1200},{\"@type\":\"BreadcrumbList\",\"@id\":\"https:\\\/\\\/eurotrac-hoflader.at\\\/index.php\\\/product\\\/eurotrac-th25-6\\\/#breadcrumb\",\"itemListElement\":[{\"@type\":\"ListItem\",\"position\":1,\"name\":\"Home\",\"item\":\"https:\\\/\\\/eurotrac-hoflader.at\\\/\"},{\"@type\":\"ListItem\",\"position\":2,\"name\":\"Shop\",\"item\":\"https:\\\/\\\/eurotrac-hoflader.at\\\/index.php\\\/shop\\\/\"},{\"@type\":\"ListItem\",\"position\":3,\"name\":\"Eurotrac TH25.6\"}]},{\"@type\":\"WebSite\",\"@id\":\"https:\\\/\\\/eurotrac-hoflader.at\\\/#website\",\"url\":\"https:\\\/\\\/eurotrac-hoflader.at\\\/\",\"name\":\"EUROTRAC \u00d6sterreich\",\"description\":\"Traktoren - Hoflader Baumaschinen Aschauer\",\"publisher\":{\"@id\":\"https:\\\/\\\/eurotrac-hoflader.at\\\/#organization\"},\"potentialAction\":[{\"@type\":\"SearchAction\",\"target\":{\"@type\":\"EntryPoint\",\"urlTemplate\":\"https:\\\/\\\/eurotrac-hoflader.at\\\/?s={search_term_string}\"},\"query-input\":{\"@type\":\"PropertyValueSpecification\",\"valueRequired\":true,\"valueName\":\"search_term_string\"}}],\"inLanguage\":\"de\"},{\"@type\":\"Organization\",\"@id\":\"https:\\\/\\\/eurotrac-hoflader.at\\\/#organization\",\"name\":\"EUROTRAC \u00d6sterreich\",\"url\":\"https:\\\/\\\/eurotrac-hoflader.at\\\/\",\"logo\":{\"@type\":\"ImageObject\",\"inLanguage\":\"de\",\"@id\":\"https:\\\/\\\/eurotrac-hoflader.at\\\/#\\\/schema\\\/logo\\\/image\\\/\",\"url\":\"https:\\\/\\\/eurotrac-hoflader.at\\\/wp-content\\\/uploads\\\/2023\\\/06\\\/cropped-logo-aschauer-websites.png\",\"contentUrl\":\"https:\\\/\\\/eurotrac-hoflader.at\\\/wp-content\\\/uploads\\\/2023\\\/06\\\/cropped-logo-aschauer-websites.png\",\"width\":800,\"height\":267,\"caption\":\"EUROTRAC \u00d6sterreich\"},\"image\":{\"@id\":\"https:\\\/\\\/eurotrac-hoflader.at\\\/#\\\/schema\\\/logo\\\/image\\\/\"},\"sameAs\":[\"https:\\\/\\\/www.facebook.com\\\/AschauerBaumaschinen\\\/\"]}]}<\/script>\n<!-- \/ Yoast SEO plugin. -->","yoast_head_json":{"title":"Eurotrac TH25.6 - EUROTRAC \u00d6sterreich","robots":{"index":"index","follow":"follow","max-snippet":"max-snippet:-1","max-image-preview":"max-image-preview:large","max-video-preview":"max-video-preview:-1"},"canonical":"https:\/\/eurotrac-hoflader.at\/index.php\/product\/eurotrac-th25-6\/","twitter_card":"summary_large_image","twitter_title":"Eurotrac TH25.6 - EUROTRAC \u00d6sterreich","twitter_description":"Eurotrac TH25.6 f\u00fcr den landwirtschaftlichen und industriellen Einsatz  Standardm\u00e4\u00dfig ausgestattet mit:   Kubota StageV Motor  Antrieb 4\u00d74 und 4 Radsteuerung  Zus\u00e4tzliche Hydra. Funktion auf Joystick  Hydr. Schnellwechsel  Hydrostat mit 2 Fahrgeschwindigkeiten  Radio \/ Ventilator \/ Kamera  Schwere Achsen  Lichtleiste \/ LED-Lampen  Breite Reifen 12\u00d716.5 NHS","twitter_image":"https:\/\/eurotrac-hoflader.at\/wp-content\/uploads\/2025\/02\/Eurotrac-TH25.6-1.jpeg","twitter_misc":{"Gesch\u00e4tzte Lesezeit":"1\u00a0Minute"},"schema":{"@context":"https:\/\/schema.org","@graph":[{"@type":"WebPage","@id":"https:\/\/eurotrac-hoflader.at\/index.php\/product\/eurotrac-th25-6\/","url":"https:\/\/eurotrac-hoflader.at\/index.php\/product\/eurotrac-th25-6\/","name":"Eurotrac TH25.6 - EUROTRAC \u00d6sterreich","isPartOf":{"@id":"https:\/\/eurotrac-hoflader.at\/#website"},"primaryImageOfPage":{"@id":"https:\/\/eurotrac-hoflader.at\/index.php\/product\/eurotrac-th25-6\/#primaryimage"},"image":{"@id":"https:\/\/eurotrac-hoflader.at\/index.php\/product\/eurotrac-th25-6\/#primaryimage"},"thumbnailUrl":"https:\/\/eurotrac-hoflader.at\/wp-content\/uploads\/2025\/02\/Eurotrac-TH25.6-1.jpeg","datePublished":"2025-02-03T07:07:56+00:00","dateModified":"2025-02-03T07:08:28+00:00","breadcrumb":{"@id":"https:\/\/eurotrac-hoflader.at\/index.php\/product\/eurotrac-th25-6\/#breadcrumb"},"inLanguage":"de","potentialAction":[{"@type":"ReadAction","target":["https:\/\/eurotrac-hoflader.at\/index.php\/product\/eurotrac-th25-6\/"]}]},{"@type":"ImageObject","inLanguage":"de","@id":"https:\/\/eurotrac-hoflader.at\/index.php\/product\/eurotrac-th25-6\/#primaryimage","url":"https:\/\/eurotrac-hoflader.at\/wp-content\/uploads\/2025\/02\/Eurotrac-TH25.6-1.jpeg","contentUrl":"https:\/\/eurotrac-hoflader.at\/wp-content\/uploads\/2025\/02\/Eurotrac-TH25.6-1.jpeg","width":1600,"height":1200},{"@type":"BreadcrumbList","@id":"https:\/\/eurotrac-hoflader.at\/index.php\/product\/eurotrac-th25-6\/#breadcrumb","itemListElement":[{"@type":"ListItem","position":1,"name":"Home","item":"https:\/\/eurotrac-hoflader.at\/"},{"@type":"ListItem","position":2,"name":"Shop","item":"https:\/\/eurotrac-hoflader.at\/index.php\/shop\/"},{"@type":"ListItem","position":3,"name":"Eurotrac TH25.6"}]},{"@type":"WebSite","@id":"https:\/\/eurotrac-hoflader.at\/#website","url":"https:\/\/eurotrac-hoflader.at\/","name":"EUROTRAC \u00d6sterreich","description":"Traktoren - Hoflader Baumaschinen Aschauer","publisher":{"@id":"https:\/\/eurotrac-hoflader.at\/#organization"},"potentialAction":[{"@type":"SearchAction","target":{"@type":"EntryPoint","urlTemplate":"https:\/\/eurotrac-hoflader.at\/?s={search_term_string}"},"query-input":{"@type":"PropertyValueSpecification","valueRequired":true,"valueName":"search_term_string"}}],"inLanguage":"de"},{"@type":"Organization","@id":"https:\/\/eurotrac-hoflader.at\/#organization","name":"EUROTRAC \u00d6sterreich","url":"https:\/\/eurotrac-hoflader.at\/","logo":{"@type":"ImageObject","inLanguage":"de","@id":"https:\/\/eurotrac-hoflader.at\/#\/schema\/logo\/image\/","url":"https:\/\/eurotrac-hoflader.at\/wp-content\/uploads\/2023\/06\/cropped-logo-aschauer-websites.png","contentUrl":"https:\/\/eurotrac-hoflader.at\/wp-content\/uploads\/2023\/06\/cropped-logo-aschauer-websites.png","width":800,"height":267,"caption":"EUROTRAC \u00d6sterreich"},"image":{"@id":"https:\/\/eurotrac-hoflader.at\/#\/schema\/logo\/image\/"},"sameAs":["https:\/\/www.facebook.com\/AschauerBaumaschinen\/"]}]}},"_links":{"self":[{"href":"https:\/\/eurotrac-hoflader.at\/index.php\/wp-json\/wp\/v2\/product\/1320","targetHints":{"allow":["GET"]}}],"collection":[{"href":"https:\/\/eurotrac-hoflader.at\/index.php\/wp-json\/wp\/v2\/product"}],"about":[{"href":"https:\/\/eurotrac-hoflader.at\/index.php\/wp-json\/wp\/v2\/types\/product"}],"wp:featuredmedia":[{"embeddable":true,"href":"https:\/\/eurotrac-hoflader.at\/index.php\/wp-json\/wp\/v2\/media\/1402"}],"wp:attachment":[{"href":"https:\/\/eurotrac-hoflader.at\/index.php\/wp-json\/wp\/v2\/media?parent=1320"}],"wp:term":[{"taxonomy":"product_brand","embeddable":true,"href":"https:\/\/eurotrac-hoflader.at\/index.php\/wp-json\/wp\/v2\/product_brand?post=1320"},{"taxonomy":"product_cat","embeddable":true,"href":"https:\/\/eurotrac-hoflader.at\/index.php\/wp-json\/wp\/v2\/product_cat?post=1320"},{"taxonomy":"product_tag","embeddable":true,"href":"https:\/\/eurotrac-hoflader.at\/index.php\/wp-json\/wp\/v2\/product_tag?post=1320"}],"curies":[{"name":"wp","href":"https:\/\/api.w.org\/{rel}","templated":true}]}}