{"id":1304,"date":"2025-02-03T07:07:56","date_gmt":"2025-02-03T07:07:56","guid":{"rendered":"https:\/\/eurotrac-hoflader.at\/?post_type=product&#038;p=1304"},"modified":"2025-02-03T07:08:17","modified_gmt":"2025-02-03T07:08:17","slug":"eurotrac-w11-c-mit-kabine","status":"publish","type":"product","link":"https:\/\/eurotrac-hoflader.at\/index.php\/product\/eurotrac-w11-c-mit-kabine\/","title":{"rendered":"Eurotrac W11-C mit Kabine"},"content":{"rendered":"<table id=\"tablepress-163\" class=\"tablepress tablepress-id-163\">\n<tbody class=\"row-hover\">\n<tr class=\"row-1 odd\">\n<td class=\"column-1\">Motormarke<\/td>\n<td class=\"column-2\"><\/td>\n<td class=\"column-3\">Kubota<\/td>\n<\/tr>\n<tr class=\"row-2 even\">\n<td class=\"column-1\">Zylinder<\/td>\n<td class=\"column-2\"><\/td>\n<td class=\"column-3\">3<\/td>\n<\/tr>\n<tr class=\"row-3 odd\">\n<td class=\"column-1\">Max Leistung<\/td>\n<td class=\"column-2\"><\/td>\n<td class=\"column-3\">25PS<\/td>\n<\/tr>\n<tr class=\"row-4 even\">\n<td class=\"column-1\">Maschinenbreite<\/td>\n<td class=\"column-2\"><\/td>\n<td class=\"column-3\">1080mm<\/td>\n<\/tr>\n<tr class=\"row-5 odd\">\n<td class=\"column-1\">Bodenfreiheit<\/td>\n<td class=\"column-2\"><\/td>\n<td class=\"column-3\">174mm<\/td>\n<\/tr>\n<tr class=\"row-6 even\">\n<td class=\"column-1\">Gesamtbreite<\/td>\n<td class=\"column-2\"><\/td>\n<td class=\"column-3\">1110mm<\/td>\n<\/tr>\n<tr class=\"row-7 odd\">\n<td class=\"column-1\">Gesamtbreite mit\u00a0Schaufel<\/td>\n<td class=\"column-2\"><\/td>\n<td class=\"column-3\">1300mm<\/td>\n<\/tr>\n<tr class=\"row-8 even\">\n<td class=\"column-1\">max. Hubh\u00f6he<\/td>\n<td class=\"column-2\"><\/td>\n<td class=\"column-3\">2750mm<\/td>\n<\/tr>\n<tr class=\"row-9 odd\">\n<td class=\"column-1\">Gesamtl\u00e4nge ohne\u00a0Schaufel<\/td>\n<td class=\"column-2\"><\/td>\n<td class=\"column-3\">2840mm<\/td>\n<\/tr>\n<tr class=\"row-10 even\">\n<td class=\"column-1\">Gesamth\u00f6he<\/td>\n<td class=\"column-2\"><\/td>\n<td class=\"column-3\">2210mm<\/td>\n<\/tr>\n<tr class=\"row-11 odd\">\n<td class=\"column-1\">Betriebsgewicht<\/td>\n<td class=\"column-2\"><\/td>\n<td class=\"column-3\">1580kg<\/td>\n<\/tr>\n<tr class=\"row-12 even\">\n<td class=\"column-1\">Fahrgeschwindigkeit<\/td>\n<td class=\"column-2\"><\/td>\n<td class=\"column-3\">12km\/h<\/td>\n<\/tr>\n<tr class=\"row-13 odd\">\n<td class=\"column-1\">Dieseltankinhalt<\/td>\n<td class=\"column-2\"><\/td>\n<td class=\"column-3\">26L<\/td>\n<\/tr>\n<tr class=\"row-14 even\">\n<td class=\"column-1\">Hydrauliktank<\/td>\n<td class=\"column-2\"><\/td>\n<td class=\"column-3\">40L<\/td>\n<\/tr>\n<\/tbody>\n<\/table>\n","protected":false},"excerpt":{"rendered":"<p>Der Eurotrac W11 ist ein Europ\u00e4isches Produkt und der zweit\u00a0kleinste seiner Baureihe. Aufgrund seiner kompakten Bauweise ist der Eurotrac W11 Hoflader f\u00fcr den Einsatz\u00a0am Lanwirtschaftlichen Betrieb oder f\u00fcr Baufirmen die kleine und effektive Maschinen suchen\u00a0geeignet. Serienm\u00e4\u00dfig mit 3-Zylinder-Kubota-Motor, hydrostatischem Antrieb, Joystick-Steuerung mit Zusatzfunktion und hydraulischem Schnellwechsel.<\/p>\n<ul>\n<li>Steuerung am Joystick<\/li>\n<li>Extra Hydr. Funktion<\/li>\n<li>Hydr. Schneller Wechsel<\/li>\n<li>Hydrostatischer Antrieb<\/li>\n<li>Reifengr\u00f6\u00dfe 26 \u00d7 12-12AS<\/li>\n<\/ul>\n","protected":false},"featured_media":1374,"template":"","meta":{"site-sidebar-layout":"default","site-content-layout":"default","ast-site-content-layout":"","site-content-style":"","site-sidebar-style":"","ast-global-header-display":"","ast-banner-title-visibility":"","ast-main-header-display":"","ast-hfb-above-header-display":"","ast-hfb-below-header-display":"","ast-hfb-mobile-header-display":"","site-post-title":"","ast-breadcrumbs-content":"","ast-featured-img":"","footer-sml-layout":"","theme-transparent-header-meta":"","adv-header-id-meta":"","stick-header-meta":"","header-above-stick-meta":"","header-main-stick-meta":"","header-below-stick-meta":"","astra-migrate-meta-layouts":"","ast-page-background-enabled":"default","ast-page-background-meta":{"desktop":{"background-color":"var(--ast-global-color-4)","background-image":"","background-repeat":"repeat","background-position":"center center","background-size":"auto","background-attachment":"scroll","background-type":"","background-media":"","overlay-type":"","overlay-color":"","overlay-opacity":"","overlay-gradient":""},"tablet":{"background-color":"","background-image":"","background-repeat":"repeat","background-position":"center center","background-size":"auto","background-attachment":"scroll","background-type":"","background-media":"","overlay-type":"","overlay-color":"","overlay-opacity":"","overlay-gradient":""},"mobile":{"background-color":"","background-image":"","background-repeat":"repeat","background-position":"center center","background-size":"auto","background-attachment":"scroll","background-type":"","background-media":"","overlay-type":"","overlay-color":"","overlay-opacity":"","overlay-gradient":""}},"ast-content-background-meta":{"desktop":{"background-color":"var(--ast-global-color-5)","background-image":"","background-repeat":"repeat","background-position":"center center","background-size":"auto","background-attachment":"scroll","background-type":"","background-media":"","overlay-type":"","overlay-color":"","overlay-opacity":"","overlay-gradient":""},"tablet":{"background-color":"var(--ast-global-color-5)","background-image":"","background-repeat":"repeat","background-position":"center center","background-size":"auto","background-attachment":"scroll","background-type":"","background-media":"","overlay-type":"","overlay-color":"","overlay-opacity":"","overlay-gradient":""},"mobile":{"background-color":"var(--ast-global-color-5)","background-image":"","background-repeat":"repeat","background-position":"center center","background-size":"auto","background-attachment":"scroll","background-type":"","background-media":"","overlay-type":"","overlay-color":"","overlay-opacity":"","overlay-gradient":""}}},"product_brand":[],"product_cat":[30,28],"product_tag":[],"class_list":{"0":"post-1304","1":"product","2":"type-product","3":"status-publish","4":"has-post-thumbnail","6":"product_cat-eurotrac-hoflader","7":"product_cat-neumaschinen","8":"desktop-align-left","9":"tablet-align-left","10":"mobile-align-left","12":"first","13":"instock","14":"shipping-taxable","15":"product-type-external"},"yoast_head":"<!-- This site is optimized with the Yoast SEO plugin v27.3 - https:\/\/yoast.com\/product\/yoast-seo-wordpress\/ -->\n<title>Eurotrac W11-C mit Kabine - EUROTRAC \u00d6sterreich<\/title>\n<meta name=\"robots\" content=\"index, follow, max-snippet:-1, max-image-preview:large, max-video-preview:-1\" \/>\n<link rel=\"canonical\" href=\"https:\/\/eurotrac-hoflader.at\/index.php\/product\/eurotrac-w11-c-mit-kabine\/\" \/>\n<meta name=\"twitter:card\" content=\"summary_large_image\" \/>\n<meta name=\"twitter:title\" content=\"Eurotrac W11-C mit Kabine - EUROTRAC \u00d6sterreich\" \/>\n<meta name=\"twitter:description\" content=\"Der Eurotrac W11 ist ein Europ\u00e4isches Produkt und der zweit\u00a0kleinste seiner Baureihe. Aufgrund seiner kompakten Bauweise ist der Eurotrac W11 Hoflader f\u00fcr den Einsatz\u00a0am Lanwirtschaftlichen Betrieb oder f\u00fcr Baufirmen die kleine und effektive Maschinen suchen\u00a0geeignet. Serienm\u00e4\u00dfig mit 3-Zylinder-Kubota-Motor, hydrostatischem Antrieb, Joystick-Steuerung mit Zusatzfunktion und hydraulischem Schnellwechsel.   Steuerung am Joystick  Extra Hydr. Funktion  Hydr. Schneller Wechsel  Hydrostatischer Antrieb  Reifengr\u00f6\u00dfe 26 \u00d7 12-12AS\" \/>\n<meta name=\"twitter:image\" content=\"https:\/\/eurotrac-hoflader.at\/wp-content\/uploads\/2025\/02\/image.jpeg\" \/>\n<meta name=\"twitter:label1\" content=\"Gesch\u00e4tzte Lesezeit\" \/>\n\t<meta name=\"twitter:data1\" content=\"1\u00a0Minute\" \/>\n<script type=\"application\/ld+json\" class=\"yoast-schema-graph\">{\"@context\":\"https:\\\/\\\/schema.org\",\"@graph\":[{\"@type\":\"WebPage\",\"@id\":\"https:\\\/\\\/eurotrac-hoflader.at\\\/index.php\\\/product\\\/eurotrac-w11-c-mit-kabine\\\/\",\"url\":\"https:\\\/\\\/eurotrac-hoflader.at\\\/index.php\\\/product\\\/eurotrac-w11-c-mit-kabine\\\/\",\"name\":\"Eurotrac W11-C mit Kabine - EUROTRAC \u00d6sterreich\",\"isPartOf\":{\"@id\":\"https:\\\/\\\/eurotrac-hoflader.at\\\/#website\"},\"primaryImageOfPage\":{\"@id\":\"https:\\\/\\\/eurotrac-hoflader.at\\\/index.php\\\/product\\\/eurotrac-w11-c-mit-kabine\\\/#primaryimage\"},\"image\":{\"@id\":\"https:\\\/\\\/eurotrac-hoflader.at\\\/index.php\\\/product\\\/eurotrac-w11-c-mit-kabine\\\/#primaryimage\"},\"thumbnailUrl\":\"https:\\\/\\\/eurotrac-hoflader.at\\\/wp-content\\\/uploads\\\/2025\\\/02\\\/image.jpeg\",\"datePublished\":\"2025-02-03T07:07:56+00:00\",\"dateModified\":\"2025-02-03T07:08:17+00:00\",\"breadcrumb\":{\"@id\":\"https:\\\/\\\/eurotrac-hoflader.at\\\/index.php\\\/product\\\/eurotrac-w11-c-mit-kabine\\\/#breadcrumb\"},\"inLanguage\":\"de\",\"potentialAction\":[{\"@type\":\"ReadAction\",\"target\":[\"https:\\\/\\\/eurotrac-hoflader.at\\\/index.php\\\/product\\\/eurotrac-w11-c-mit-kabine\\\/\"]}]},{\"@type\":\"ImageObject\",\"inLanguage\":\"de\",\"@id\":\"https:\\\/\\\/eurotrac-hoflader.at\\\/index.php\\\/product\\\/eurotrac-w11-c-mit-kabine\\\/#primaryimage\",\"url\":\"https:\\\/\\\/eurotrac-hoflader.at\\\/wp-content\\\/uploads\\\/2025\\\/02\\\/image.jpeg\",\"contentUrl\":\"https:\\\/\\\/eurotrac-hoflader.at\\\/wp-content\\\/uploads\\\/2025\\\/02\\\/image.jpeg\",\"width\":612,\"height\":408},{\"@type\":\"BreadcrumbList\",\"@id\":\"https:\\\/\\\/eurotrac-hoflader.at\\\/index.php\\\/product\\\/eurotrac-w11-c-mit-kabine\\\/#breadcrumb\",\"itemListElement\":[{\"@type\":\"ListItem\",\"position\":1,\"name\":\"Home\",\"item\":\"https:\\\/\\\/eurotrac-hoflader.at\\\/\"},{\"@type\":\"ListItem\",\"position\":2,\"name\":\"Shop\",\"item\":\"https:\\\/\\\/eurotrac-hoflader.at\\\/index.php\\\/shop\\\/\"},{\"@type\":\"ListItem\",\"position\":3,\"name\":\"Eurotrac W11-C mit Kabine\"}]},{\"@type\":\"WebSite\",\"@id\":\"https:\\\/\\\/eurotrac-hoflader.at\\\/#website\",\"url\":\"https:\\\/\\\/eurotrac-hoflader.at\\\/\",\"name\":\"EUROTRAC \u00d6sterreich\",\"description\":\"Traktoren - Hoflader Baumaschinen Aschauer\",\"publisher\":{\"@id\":\"https:\\\/\\\/eurotrac-hoflader.at\\\/#organization\"},\"potentialAction\":[{\"@type\":\"SearchAction\",\"target\":{\"@type\":\"EntryPoint\",\"urlTemplate\":\"https:\\\/\\\/eurotrac-hoflader.at\\\/?s={search_term_string}\"},\"query-input\":{\"@type\":\"PropertyValueSpecification\",\"valueRequired\":true,\"valueName\":\"search_term_string\"}}],\"inLanguage\":\"de\"},{\"@type\":\"Organization\",\"@id\":\"https:\\\/\\\/eurotrac-hoflader.at\\\/#organization\",\"name\":\"EUROTRAC \u00d6sterreich\",\"url\":\"https:\\\/\\\/eurotrac-hoflader.at\\\/\",\"logo\":{\"@type\":\"ImageObject\",\"inLanguage\":\"de\",\"@id\":\"https:\\\/\\\/eurotrac-hoflader.at\\\/#\\\/schema\\\/logo\\\/image\\\/\",\"url\":\"https:\\\/\\\/eurotrac-hoflader.at\\\/wp-content\\\/uploads\\\/2023\\\/06\\\/cropped-logo-aschauer-websites.png\",\"contentUrl\":\"https:\\\/\\\/eurotrac-hoflader.at\\\/wp-content\\\/uploads\\\/2023\\\/06\\\/cropped-logo-aschauer-websites.png\",\"width\":800,\"height\":267,\"caption\":\"EUROTRAC \u00d6sterreich\"},\"image\":{\"@id\":\"https:\\\/\\\/eurotrac-hoflader.at\\\/#\\\/schema\\\/logo\\\/image\\\/\"},\"sameAs\":[\"https:\\\/\\\/www.facebook.com\\\/AschauerBaumaschinen\\\/\"]}]}<\/script>\n<!-- \/ Yoast SEO plugin. -->","yoast_head_json":{"title":"Eurotrac W11-C mit Kabine - EUROTRAC \u00d6sterreich","robots":{"index":"index","follow":"follow","max-snippet":"max-snippet:-1","max-image-preview":"max-image-preview:large","max-video-preview":"max-video-preview:-1"},"canonical":"https:\/\/eurotrac-hoflader.at\/index.php\/product\/eurotrac-w11-c-mit-kabine\/","twitter_card":"summary_large_image","twitter_title":"Eurotrac W11-C mit Kabine - EUROTRAC \u00d6sterreich","twitter_description":"Der Eurotrac W11 ist ein Europ\u00e4isches Produkt und der zweit\u00a0kleinste seiner Baureihe. Aufgrund seiner kompakten Bauweise ist der Eurotrac W11 Hoflader f\u00fcr den Einsatz\u00a0am Lanwirtschaftlichen Betrieb oder f\u00fcr Baufirmen die kleine und effektive Maschinen suchen\u00a0geeignet. Serienm\u00e4\u00dfig mit 3-Zylinder-Kubota-Motor, hydrostatischem Antrieb, Joystick-Steuerung mit Zusatzfunktion und hydraulischem Schnellwechsel.   Steuerung am Joystick  Extra Hydr. Funktion  Hydr. Schneller Wechsel  Hydrostatischer Antrieb  Reifengr\u00f6\u00dfe 26 \u00d7 12-12AS","twitter_image":"https:\/\/eurotrac-hoflader.at\/wp-content\/uploads\/2025\/02\/image.jpeg","twitter_misc":{"Gesch\u00e4tzte Lesezeit":"1\u00a0Minute"},"schema":{"@context":"https:\/\/schema.org","@graph":[{"@type":"WebPage","@id":"https:\/\/eurotrac-hoflader.at\/index.php\/product\/eurotrac-w11-c-mit-kabine\/","url":"https:\/\/eurotrac-hoflader.at\/index.php\/product\/eurotrac-w11-c-mit-kabine\/","name":"Eurotrac W11-C mit Kabine - EUROTRAC \u00d6sterreich","isPartOf":{"@id":"https:\/\/eurotrac-hoflader.at\/#website"},"primaryImageOfPage":{"@id":"https:\/\/eurotrac-hoflader.at\/index.php\/product\/eurotrac-w11-c-mit-kabine\/#primaryimage"},"image":{"@id":"https:\/\/eurotrac-hoflader.at\/index.php\/product\/eurotrac-w11-c-mit-kabine\/#primaryimage"},"thumbnailUrl":"https:\/\/eurotrac-hoflader.at\/wp-content\/uploads\/2025\/02\/image.jpeg","datePublished":"2025-02-03T07:07:56+00:00","dateModified":"2025-02-03T07:08:17+00:00","breadcrumb":{"@id":"https:\/\/eurotrac-hoflader.at\/index.php\/product\/eurotrac-w11-c-mit-kabine\/#breadcrumb"},"inLanguage":"de","potentialAction":[{"@type":"ReadAction","target":["https:\/\/eurotrac-hoflader.at\/index.php\/product\/eurotrac-w11-c-mit-kabine\/"]}]},{"@type":"ImageObject","inLanguage":"de","@id":"https:\/\/eurotrac-hoflader.at\/index.php\/product\/eurotrac-w11-c-mit-kabine\/#primaryimage","url":"https:\/\/eurotrac-hoflader.at\/wp-content\/uploads\/2025\/02\/image.jpeg","contentUrl":"https:\/\/eurotrac-hoflader.at\/wp-content\/uploads\/2025\/02\/image.jpeg","width":612,"height":408},{"@type":"BreadcrumbList","@id":"https:\/\/eurotrac-hoflader.at\/index.php\/product\/eurotrac-w11-c-mit-kabine\/#breadcrumb","itemListElement":[{"@type":"ListItem","position":1,"name":"Home","item":"https:\/\/eurotrac-hoflader.at\/"},{"@type":"ListItem","position":2,"name":"Shop","item":"https:\/\/eurotrac-hoflader.at\/index.php\/shop\/"},{"@type":"ListItem","position":3,"name":"Eurotrac W11-C mit Kabine"}]},{"@type":"WebSite","@id":"https:\/\/eurotrac-hoflader.at\/#website","url":"https:\/\/eurotrac-hoflader.at\/","name":"EUROTRAC \u00d6sterreich","description":"Traktoren - Hoflader Baumaschinen Aschauer","publisher":{"@id":"https:\/\/eurotrac-hoflader.at\/#organization"},"potentialAction":[{"@type":"SearchAction","target":{"@type":"EntryPoint","urlTemplate":"https:\/\/eurotrac-hoflader.at\/?s={search_term_string}"},"query-input":{"@type":"PropertyValueSpecification","valueRequired":true,"valueName":"search_term_string"}}],"inLanguage":"de"},{"@type":"Organization","@id":"https:\/\/eurotrac-hoflader.at\/#organization","name":"EUROTRAC \u00d6sterreich","url":"https:\/\/eurotrac-hoflader.at\/","logo":{"@type":"ImageObject","inLanguage":"de","@id":"https:\/\/eurotrac-hoflader.at\/#\/schema\/logo\/image\/","url":"https:\/\/eurotrac-hoflader.at\/wp-content\/uploads\/2023\/06\/cropped-logo-aschauer-websites.png","contentUrl":"https:\/\/eurotrac-hoflader.at\/wp-content\/uploads\/2023\/06\/cropped-logo-aschauer-websites.png","width":800,"height":267,"caption":"EUROTRAC \u00d6sterreich"},"image":{"@id":"https:\/\/eurotrac-hoflader.at\/#\/schema\/logo\/image\/"},"sameAs":["https:\/\/www.facebook.com\/AschauerBaumaschinen\/"]}]}},"_links":{"self":[{"href":"https:\/\/eurotrac-hoflader.at\/index.php\/wp-json\/wp\/v2\/product\/1304","targetHints":{"allow":["GET"]}}],"collection":[{"href":"https:\/\/eurotrac-hoflader.at\/index.php\/wp-json\/wp\/v2\/product"}],"about":[{"href":"https:\/\/eurotrac-hoflader.at\/index.php\/wp-json\/wp\/v2\/types\/product"}],"wp:featuredmedia":[{"embeddable":true,"href":"https:\/\/eurotrac-hoflader.at\/index.php\/wp-json\/wp\/v2\/media\/1374"}],"wp:attachment":[{"href":"https:\/\/eurotrac-hoflader.at\/index.php\/wp-json\/wp\/v2\/media?parent=1304"}],"wp:term":[{"taxonomy":"product_brand","embeddable":true,"href":"https:\/\/eurotrac-hoflader.at\/index.php\/wp-json\/wp\/v2\/product_brand?post=1304"},{"taxonomy":"product_cat","embeddable":true,"href":"https:\/\/eurotrac-hoflader.at\/index.php\/wp-json\/wp\/v2\/product_cat?post=1304"},{"taxonomy":"product_tag","embeddable":true,"href":"https:\/\/eurotrac-hoflader.at\/index.php\/wp-json\/wp\/v2\/product_tag?post=1304"}],"curies":[{"name":"wp","href":"https:\/\/api.w.org\/{rel}","templated":true}]}}